{"id":3269,"date":"2019-11-08T11:50:42","date_gmt":"2019-11-08T11:50:42","guid":{"rendered":"https:\/\/drivenespukk.no\/wp\/?page_id=3269"},"modified":"2025-06-06T08:48:46","modified_gmt":"2025-06-06T07:48:46","slug":"drivenes-pukk-as","status":"publish","type":"page","link":"https:\/\/drivenespukk.no\/wp\/","title":{"rendered":"Hjemmeside"},"content":{"rendered":"<div id='layer_slider_1'  class='avia-layerslider main_color avia-shadow  avia-builder-el-0  el_before_av_section  avia-builder-el-first  container_wrap sidebar_right'  style='height: 471px;'  ><div id=\"layerslider_1_ou2ndb6epmxi\"  class=\"ls-wp-container fitvidsignore ls-selectable\" style=\"width:1140px;height:470px;margin:0 auto;\"><div class=\"ls-slide\" data-ls=\"duration:7000;transition2d:11,13,23;transition3d:all;\"><img decoding=\"async\" width=\"3024\" height=\"2016\" src=\"https:\/\/drivenespukk.no\/wp\/wp-content\/uploads\/2019\/11\/pukkverk_DSC4176_1.jpg\" class=\"ls-bg\" alt=\"\" srcset=\"https:\/\/drivenespukk.no\/wp\/wp-content\/uploads\/2019\/11\/pukkverk_DSC4176_1.jpg 3024w, https:\/\/drivenespukk.no\/wp\/wp-content\/uploads\/2019\/11\/pukkverk_DSC4176_1-300x200.jpg 300w, https:\/\/drivenespukk.no\/wp\/wp-content\/uploads\/2019\/11\/pukkverk_DSC4176_1-768x512.jpg 768w, https:\/\/drivenespukk.no\/wp\/wp-content\/uploads\/2019\/11\/pukkverk_DSC4176_1-1030x687.jpg 1030w, https:\/\/drivenespukk.no\/wp\/wp-content\/uploads\/2019\/11\/pukkverk_DSC4176_1-1500x1000.jpg 1500w, https:\/\/drivenespukk.no\/wp\/wp-content\/uploads\/2019\/11\/pukkverk_DSC4176_1-705x470.jpg 705w\" sizes=\"(max-width: 3024px) 100vw, 3024px\" \/><ls-layer style=\"top:235px;left:125px;color:#ffffff;font-weight:700;text-shadow:0px 0px 15px #000000;\" class=\"ls-l ls-text-layer\">Pukk, Maskingrus, Sand og mer<\/ls-layer><\/div><\/div><\/div>\n<div id='av_section_1'  class='avia-section av-2omxpx-effc067f3ba345e8be143518ffafb36f main_color avia-section-default avia-no-border-styling  avia-builder-el-1  el_after_av_layerslider  el_before_av_section  avia-bg-style-scroll container_wrap sidebar_right'  ><div class='container av-section-cont-open' ><div class='template-page content  av-content-small alpha units'><div class='post-entry post-entry-type-page post-entry-3269'><div class='entry-content-wrapper clearfix'>\n<div  class='flex_column av-9npqom-d587e2d19dc59f01b10a133a9acd037c av_one_fourth  avia-builder-el-2  el_before_av_one_fourth  avia-builder-el-first  first flex_column_div  '     ><article  class='iconbox iconbox_left av-9j2d7y-515ea2fce59cacc6289f8cbd901d3c35  avia-builder-el-3  avia-builder-el-no-sibling '  itemscope=\"itemscope\" itemtype=\"https:\/\/schema.org\/CreativeWork\" ><div class=\"iconbox_content\"><header class=\"entry-content-header\" aria-label=\"Icon: Utsalg\"><div class=\"iconbox_icon heading-color\" aria-hidden='true' data-av_icon='\ue859' data-av_iconfont='entypo-fontello'><\/div><h3 class='iconbox_content_title '  itemprop=\"headline\" >Utsalg<\/h3><\/header><div class='iconbox_content_container '  itemprop=\"text\" ><p>Utsalg av maskingrus,\u00a0 pukk, kult og knust asfalt.<\/p>\n<p><a href=\"https:\/\/drivenespukk.no\/wp\/wp-content\/uploads\/2025\/03\/20250101-DP-Prisliste-Drivenes-Pukk-AS.pdf\" rel=\"\">Prisliste<\/a><\/p>\n<\/div><\/div><footer class=\"entry-footer\"><\/footer><\/article><\/div><div  class='flex_column av-9c0nqe-cca4c95c5940450d3651328bff6e6cba av_one_fourth  avia-builder-el-4  el_after_av_one_fourth  el_before_av_one_fourth  flex_column_div  '     ><article  class='iconbox iconbox_left av-96rnpy-8661261fde3660fa662e2432e54b6a23  avia-builder-el-5  avia-builder-el-no-sibling '  itemscope=\"itemscope\" itemtype=\"https:\/\/schema.org\/CreativeWork\" ><div class=\"iconbox_content\"><header class=\"entry-content-header\" aria-label=\"Icon: Henting \/ Levering\"><div class=\"iconbox_icon heading-color\" aria-hidden='true' data-av_icon='\ue8dd' data-av_iconfont='entypo-fontello'><\/div><h3 class='iconbox_content_title '  itemprop=\"headline\" >Henting \/ Levering<\/h3><\/header><div class='iconbox_content_container '  itemprop=\"text\" ><p>Kan lastes p\u00e5 lastebil, traktor eller bilhenger.<br \/>\nKan ogs\u00e5 leveres direkte til kunde.<\/p>\n<\/div><\/div><footer class=\"entry-footer\"><\/footer><\/article><\/div><div  class='flex_column av-90vg26-4b082b9e83d0bb2d039c59cd86d6adf8 av_one_fourth  avia-builder-el-6  el_after_av_one_fourth  el_before_av_one_fourth  flex_column_div  '     ><article  class='iconbox iconbox_left av-8wwxnq-f89d2f3f2bddeaa7ff3158e569692136  avia-builder-el-7  avia-builder-el-no-sibling '  itemscope=\"itemscope\" itemtype=\"https:\/\/schema.org\/CreativeWork\" ><div class=\"iconbox_content\"><header class=\"entry-content-header\" aria-label=\"Icon: Deponi\"><div class=\"iconbox_icon heading-color\" aria-hidden='true' data-av_icon='' data-av_iconfont='entypo-fontello'><\/div><h3 class='iconbox_content_title '  itemprop=\"headline\" >Deponi<\/h3><\/header><div class='iconbox_content_container '  itemprop=\"text\" ><p>Mottak av <span style=\"text-decoration: underline;\">ikke<\/span> forurensede masser til deponi.<\/p>\n<\/div><\/div><footer class=\"entry-footer\"><\/footer><\/article><\/div><div  class='flex_column av-90vg26-2-b3c7c7e867e6f54476bb58f1b43a7ee0 av_one_fourth  avia-builder-el-8  el_after_av_one_fourth  avia-builder-el-last  flex_column_div  '     ><article  class='iconbox iconbox_left av-8wwxnq-1-f9bda1feaddff152f3b16df1803de176  avia-builder-el-9  avia-builder-el-no-sibling '  itemscope=\"itemscope\" itemtype=\"https:\/\/schema.org\/CreativeWork\" ><div class=\"iconbox_content\"><header class=\"entry-content-header\" aria-label=\"Icon: Betjening\"><div class=\"iconbox_icon heading-color\" aria-hidden='true' data-av_icon='\ue80a' data-av_iconfont='entypo-fontello'><\/div><h3 class='iconbox_content_title '  itemprop=\"headline\" >Betjening<\/h3><\/header><div class='iconbox_content_container '  itemprop=\"text\" ><div class=\"avia-testimonial-content \">\n<div class=\"avia-testimonial-markup-entry-content\">\n<p>For henting\/levering av masse til deponi kontakt Sveinung.<br \/>\nTelefon: <a href=\"tel:+4791339333\">913 39 333<\/a><\/p>\n<\/div>\n<\/div>\n<div class=\"avia-testimonial-meta\">\n<div class=\"avia-testimonial-meta-mini\"><\/div>\n<\/div>\n<\/div><\/div><footer class=\"entry-footer\"><\/footer><\/article><\/div><\/div><\/div><\/div><!-- close content main div --><\/div><\/div><div id='av_section_2'  class='avia-section av-kceos6ux-e7b10d9e300706fb14e87a5578fabc0d alternate_color avia-section-default avia-no-border-styling  avia-builder-el-10  el_after_av_section  el_before_av_section  avia-bg-style-scroll container_wrap sidebar_right'  ><div class='container av-section-cont-open' ><div class='template-page content  av-content-small alpha units'><div class='post-entry post-entry-type-page post-entry-3269'><div class='entry-content-wrapper clearfix'>\n<section  class='av_textblock_section av-kceq4yvz-f90fb69d5e6e409b323c87317d9e8fc3 '   itemscope=\"itemscope\" itemtype=\"https:\/\/schema.org\/CreativeWork\" ><div class='avia_textblock'  itemprop=\"text\" >\n<style type=\"text\/css\" data-created_by=\"avia_inline_auto\" id=\"style-css-av-2hp8it-ca202872aea4366e3f0d54d7d215c396\">\n.av_font_icon.av-2hp8it-ca202872aea4366e3f0d54d7d215c396 .av-icon-char{\nfont-size:40px;\nline-height:40px;\n}\n<\/style>\n<span  class='av_font_icon av-2hp8it-ca202872aea4366e3f0d54d7d215c396 avia_animate_when_visible av-icon-style- avia-icon-pos-left av-no-color avia-icon-animate'><a href='https:\/\/goo.gl\/maps\/pCXyeAGVMc2Giuzw8'   class='av-icon-char' aria-hidden='false' data-av_icon='\ue842' data-av_iconfont='entypo-fontello' ><\/a><\/span>\n<p><a href=\"https:\/\/goo.gl\/maps\/pCXyeAGVMc2Giuzw8\">Vis i Google Maps<\/a><\/p>\n<\/div><\/section>\n\n<\/p>\n<\/div><\/div><\/div><!-- close content main div --><\/div><\/div><div id='av_section_3'  class='avia-section av-8olg0u-0749723917a5e27d4609304137aa5321 alternate_color avia-section-large avia-shadow  avia-builder-el-14  el_after_av_section  avia-builder-el-last  avia-bg-style-scroll container_wrap sidebar_right'  ><div class='container av-section-cont-open' ><div class='template-page content  av-content-small alpha units'><div class='post-entry post-entry-type-page post-entry-3269'><div class='entry-content-wrapper clearfix'>\n<div  class='flex_column av-8jnyd2-76ea48062f5a25f9e21b9575c7e14c50 av_one_full  avia-builder-el-15  avia-builder-el-no-sibling  first flex_column_div  '     ><section  class='av_textblock_section av-8ayxue-3fdbb083769888a1efecc2abe641e211 '   itemscope=\"itemscope\" itemtype=\"https:\/\/schema.org\/CreativeWork\" ><div class='avia_textblock'  itemprop=\"text\" ><h2 style=\"text-align: center;\">Varelager<\/h2>\n<\/div><\/section><br \/>\n<div  class='hr av-87746m-5425f118a738fe4d20951a676a83901b hr-short  avia-builder-el-17  el_after_av_textblock  el_before_av_textblock  hr-center'><span class='hr-inner '><span class=\"hr-inner-style\"><\/span><\/span><\/div><br \/>\n<section  class='av_textblock_section av-7yvu9i-910b39f6eff69e17819dd5d4d35b4758 '   itemscope=\"itemscope\" itemtype=\"https:\/\/schema.org\/CreativeWork\" ><div class='avia_textblock'  itemprop=\"text\" ><p style=\"text-align: center;\">Flere fraksjoner p\u00e5 lager, andre kan leveres p\u00e5 foresp\u00f8rsel.<\/p>\n<\/div><\/section><br \/>\n\n<style type=\"text\/css\" data-created_by=\"avia_inline_auto\" id=\"style-css-av-7svkrq-5119c800bfe5d6aadef46bf8950a385a\">\n#top .hr.hr-invisible.av-7svkrq-5119c800bfe5d6aadef46bf8950a385a{\nheight:70px;\n}\n<\/style>\n<div  class='hr av-7svkrq-5119c800bfe5d6aadef46bf8950a385a hr-invisible  avia-builder-el-19  el_after_av_textblock  el_before_av_portfolio  avia-builder-el-last '><span class='hr-inner '><span class=\"hr-inner-style\"><\/span><\/span><\/div><br \/>\n<div  id=\"av-sc-portfolio-1\"  class=\"av-portfolio-grid-sorting-container\"><div class='sort_width_container  av-sort-yes' data-portfolio-id='1' ><div id='js_sort_items' ><div class='sort_by_cat '><a href=\"#\" data-filter=\"all_sort\" class=\"all_sort_button active_sort\"><span class=\"inner_sort_button\"><span>Alle<\/span><small class=\"av-cat-count\"> 8 <\/small><\/span><\/a><span class=\"text-sep maskingrus_sort_sep\">\/<\/span><a href=\"#\" data-filter=\"maskingrus_sort\" class=\"maskingrus_sort_button\" ><span class=\"inner_sort_button\"><span>Maskingrus<\/span><small class=\"av-cat-count\"> 5 <\/small><\/span><\/a><span class=\"text-sep pukk_sort_sep\">\/<\/span><a href=\"#\" data-filter=\"pukk_sort\" class=\"pukk_sort_button\" ><span class=\"inner_sort_button\"><span>Pukk<\/span><small class=\"av-cat-count\"> 3 <\/small><\/span><\/a><\/div><\/div><\/div><div  class=' grid-sort-container isotope   no_margin-container with-excerpt-container grid-total-even grid-col-4 grid-links-' data-portfolio-id='1'><div data-ajax-id='3302' class=' grid-entry flex_column isotope-item all_sort no_margin post-entry post-entry-3302 grid-entry-overview grid-loop-1 grid-parity-odd  pukk_sort  av_one_fourth first default_av_fullwidth '><article class='main_color inner-entry'  itemscope=\"itemscope\" itemtype=\"https:\/\/schema.org\/CreativeWork\" ><a href=\"https:\/\/drivenespukk.no\/wp\/portfolio-item\/6-16-mm\/\" title='Pukk'  data-rel='grid-1' class='grid-image avia-hover-fx'> <img decoding=\"async\" fetchpriority=\"high\" width=\"260\" height=\"185\" src=\"https:\/\/drivenespukk.no\/wp\/wp-content\/uploads\/2019\/11\/IMG_1343-1-260x185.jpeg\" class=\"wp-image-3442 avia-img-lazy-loading-not-3442 attachment-portfolio_small size-portfolio_small wp-post-image\" alt=\"\" \/><\/a><div class='grid-content'><div class='avia-arrow'><\/div><header class=\"entry-content-header\" aria-label=\"Portfolio: Pukk\"><h3 class='grid-entry-title entry-title '  itemprop=\"headline\" ><a href='https:\/\/drivenespukk.no\/wp\/portfolio-item\/6-16-mm\/' title='Pukk'>Pukk<\/a><\/h3><\/header><div class='grid-entry-excerpt entry-content'  itemprop=\"text\" >6 - 16 mm<\/div><\/div><footer class=\"entry-footer\"><\/footer><\/article><\/div><div data-ajax-id='3305' class=' grid-entry flex_column isotope-item all_sort no_margin post-entry post-entry-3305 grid-entry-overview grid-loop-2 grid-parity-even  pukk_sort  av_one_fourth  default_av_fullwidth '><article class='main_color inner-entry'  itemscope=\"itemscope\" itemtype=\"https:\/\/schema.org\/CreativeWork\" ><a href=\"https:\/\/drivenespukk.no\/wp\/portfolio-item\/16-22-mm\/\" title='Pukk'  data-rel='grid-1' class='grid-image avia-hover-fx'> <img decoding=\"async\" fetchpriority=\"high\" width=\"260\" height=\"185\" src=\"https:\/\/drivenespukk.no\/wp\/wp-content\/uploads\/2019\/11\/IMG_1350-260x185.jpeg\" class=\"wp-image-3439 avia-img-lazy-loading-not-3439 attachment-portfolio_small size-portfolio_small wp-post-image\" alt=\"\" \/><\/a><div class='grid-content'><div class='avia-arrow'><\/div><header class=\"entry-content-header\" aria-label=\"Portfolio: Pukk\"><h3 class='grid-entry-title entry-title '  itemprop=\"headline\" ><a href='https:\/\/drivenespukk.no\/wp\/portfolio-item\/16-22-mm\/' title='Pukk'>Pukk<\/a><\/h3><\/header><div class='grid-entry-excerpt entry-content'  itemprop=\"text\" >16 - 22 mm<\/div><\/div><footer class=\"entry-footer\"><\/footer><\/article><\/div><div data-ajax-id='3307' class=' grid-entry flex_column isotope-item all_sort no_margin post-entry post-entry-3307 grid-entry-overview grid-loop-3 grid-parity-odd  pukk_sort  av_one_fourth  default_av_fullwidth '><article class='main_color inner-entry'  itemscope=\"itemscope\" itemtype=\"https:\/\/schema.org\/CreativeWork\" ><a href=\"https:\/\/drivenespukk.no\/wp\/portfolio-item\/16-22-mm-2\/\" title='Pukk'  data-rel='grid-1' class='grid-image avia-hover-fx'> <img decoding=\"async\" fetchpriority=\"high\" width=\"260\" height=\"185\" src=\"https:\/\/drivenespukk.no\/wp\/wp-content\/uploads\/2019\/11\/IMG_1384-1-260x185.jpeg\" class=\"wp-image-3436 avia-img-lazy-loading-not-3436 attachment-portfolio_small size-portfolio_small wp-post-image\" alt=\"\" \/><\/a><div class='grid-content'><div class='avia-arrow'><\/div><header class=\"entry-content-header\" aria-label=\"Portfolio: Pukk\"><h3 class='grid-entry-title entry-title '  itemprop=\"headline\" ><a href='https:\/\/drivenespukk.no\/wp\/portfolio-item\/16-22-mm-2\/' title='Pukk'>Pukk<\/a><\/h3><\/header><div class='grid-entry-excerpt entry-content'  itemprop=\"text\" >22 - 120 mm \/ 32 - 120 mm<\/div><\/div><footer class=\"entry-footer\"><\/footer><\/article><\/div><div data-ajax-id='45' class=' grid-entry flex_column isotope-item all_sort no_margin post-entry post-entry-45 grid-entry-overview grid-loop-4 grid-parity-even  maskingrus_sort  av_one_fourth  default_av_fullwidth '><article class='main_color inner-entry'  itemscope=\"itemscope\" itemtype=\"https:\/\/schema.org\/CreativeWork\" ><a href=\"https:\/\/drivenespukk.no\/wp\/portfolio-item\/vimeo-video\/\" title='Maskingrus'  data-rel='grid-1' class='grid-image avia-hover-fx'> <img decoding=\"async\" fetchpriority=\"high\" width=\"260\" height=\"185\" src=\"https:\/\/drivenespukk.no\/wp\/wp-content\/uploads\/2011\/01\/IMG_1413-260x185.jpeg\" class=\"wp-image-3452 avia-img-lazy-loading-not-3452 attachment-portfolio_small size-portfolio_small wp-post-image\" alt=\"\" \/><\/a><div class='grid-content'><div class='avia-arrow'><\/div><header class=\"entry-content-header\" aria-label=\"Portfolio: Maskingrus\"><h3 class='grid-entry-title entry-title '  itemprop=\"headline\" ><a href='https:\/\/drivenespukk.no\/wp\/portfolio-item\/vimeo-video\/' title='Maskingrus'>Maskingrus<\/a><\/h3><\/header><div class='grid-entry-excerpt entry-content'  itemprop=\"text\" >0 - 6 mm<\/div><\/div><footer class=\"entry-footer\"><\/footer><\/article><\/div><div data-ajax-id='3298' class=' grid-entry flex_column isotope-item all_sort no_margin post-entry post-entry-3298 grid-entry-overview grid-loop-5 grid-parity-odd  maskingrus_sort  av_one_fourth first default_av_fullwidth '><article class='main_color inner-entry'  itemscope=\"itemscope\" itemtype=\"https:\/\/schema.org\/CreativeWork\" ><a href=\"https:\/\/drivenespukk.no\/wp\/portfolio-item\/0-12-mm\/\" title='Maskingrus'  data-rel='grid-1' class='grid-image avia-hover-fx'> <img decoding=\"async\" fetchpriority=\"high\" width=\"260\" height=\"185\" src=\"https:\/\/drivenespukk.no\/wp\/wp-content\/uploads\/2019\/11\/IMG_1371-260x185.jpeg\" class=\"wp-image-3449 avia-img-lazy-loading-not-3449 attachment-portfolio_small size-portfolio_small wp-post-image\" alt=\"\" \/><\/a><div class='grid-content'><div class='avia-arrow'><\/div><header class=\"entry-content-header\" aria-label=\"Portfolio: Maskingrus\"><h3 class='grid-entry-title entry-title '  itemprop=\"headline\" ><a href='https:\/\/drivenespukk.no\/wp\/portfolio-item\/0-12-mm\/' title='Maskingrus'>Maskingrus<\/a><\/h3><\/header><div class='grid-entry-excerpt entry-content'  itemprop=\"text\" >0 - 12 mm<\/div><\/div><footer class=\"entry-footer\"><\/footer><\/article><\/div><div data-ajax-id='3300' class=' grid-entry flex_column isotope-item all_sort no_margin post-entry post-entry-3300 grid-entry-overview grid-loop-6 grid-parity-even  maskingrus_sort  av_one_fourth  default_av_fullwidth '><article class='main_color inner-entry'  itemscope=\"itemscope\" itemtype=\"https:\/\/schema.org\/CreativeWork\" ><a href=\"https:\/\/drivenespukk.no\/wp\/portfolio-item\/0-22-0-32-mm\/\" title='Maskingrus'  data-rel='grid-1' class='grid-image avia-hover-fx'> <img decoding=\"async\" fetchpriority=\"high\" width=\"260\" height=\"185\" src=\"https:\/\/drivenespukk.no\/wp\/wp-content\/uploads\/2019\/11\/IMG_1397-2-260x185.jpeg\" class=\"wp-image-3446 avia-img-lazy-loading-not-3446 attachment-portfolio_small size-portfolio_small wp-post-image\" alt=\"\" \/><\/a><div class='grid-content'><div class='avia-arrow'><\/div><header class=\"entry-content-header\" aria-label=\"Portfolio: Maskingrus\"><h3 class='grid-entry-title entry-title '  itemprop=\"headline\" ><a href='https:\/\/drivenespukk.no\/wp\/portfolio-item\/0-22-0-32-mm\/' title='Maskingrus'>Maskingrus<\/a><\/h3><\/header><div class='grid-entry-excerpt entry-content'  itemprop=\"text\" >0 - 22 \/ 0 - 32 mm<\/div><\/div><footer class=\"entry-footer\"><\/footer><\/article><\/div><div data-ajax-id='3312' class=' grid-entry flex_column isotope-item all_sort no_margin post-entry post-entry-3312 grid-entry-overview grid-loop-7 grid-parity-odd  maskingrus_sort  av_one_fourth  default_av_fullwidth '><article class='main_color inner-entry'  itemscope=\"itemscope\" itemtype=\"https:\/\/schema.org\/CreativeWork\" ><a href=\"https:\/\/drivenespukk.no\/wp\/portfolio-item\/0%e2%80%90120\/\" title='Maskingrus'  data-rel='grid-1' class='grid-image avia-hover-fx'> <img decoding=\"async\" fetchpriority=\"high\" width=\"260\" height=\"185\" src=\"https:\/\/drivenespukk.no\/wp\/wp-content\/uploads\/2019\/11\/pukkverk_DSC4176_1-260x185.jpg\" class=\"wp-image-3268 avia-img-lazy-loading-not-3268 attachment-portfolio_small size-portfolio_small wp-post-image\" alt=\"\" \/><\/a><div class='grid-content'><div class='avia-arrow'><\/div><header class=\"entry-content-header\" aria-label=\"Portfolio: Maskingrus\"><h3 class='grid-entry-title entry-title '  itemprop=\"headline\" ><a href='https:\/\/drivenespukk.no\/wp\/portfolio-item\/0%e2%80%90120\/' title='Maskingrus'>Maskingrus<\/a><\/h3><\/header><div class='grid-entry-excerpt entry-content'  itemprop=\"text\" >0\u2010120<\/div><\/div><footer class=\"entry-footer\"><\/footer><\/article><\/div><div data-ajax-id='3314' class=' grid-entry flex_column isotope-item all_sort no_margin post-entry post-entry-3314 grid-entry-overview grid-loop-8 grid-parity-even  post-entry-last  maskingrus_sort  av_one_fourth  default_av_fullwidth '><article class='main_color inner-entry'  itemscope=\"itemscope\" itemtype=\"https:\/\/schema.org\/CreativeWork\" ><a href=\"https:\/\/drivenespukk.no\/wp\/portfolio-item\/0-22-mm\/\" title='Maskingrus'  data-rel='grid-1' class='grid-image avia-hover-fx'> <img decoding=\"async\" fetchpriority=\"high\" width=\"260\" height=\"185\" src=\"https:\/\/drivenespukk.no\/wp\/wp-content\/uploads\/2019\/11\/IMG_1397-260x185.jpeg\" class=\"wp-image-3431 avia-img-lazy-loading-not-3431 attachment-portfolio_small size-portfolio_small wp-post-image\" alt=\"\" \/><\/a><div class='grid-content'><div class='avia-arrow'><\/div><header class=\"entry-content-header\" aria-label=\"Portfolio: Maskingrus\"><h3 class='grid-entry-title entry-title '  itemprop=\"headline\" ><a href='https:\/\/drivenespukk.no\/wp\/portfolio-item\/0-22-mm\/' title='Maskingrus'>Maskingrus<\/a><\/h3><\/header><div class='grid-entry-excerpt entry-content'  itemprop=\"text\" >0-22 mm<\/div><\/div><footer class=\"entry-footer\"><\/footer><\/article><\/div><\/div><\/div>   <!--   class=\"av-portfolio-grid-sorting-container\"  --><\/p><\/div>\n<\/div><\/div><\/div><!-- close content main div --><\/div><\/div><div id='after_section_3'  class='main_color av_default_container_wrap container_wrap sidebar_right'  ><div class='container av-section-cont-open' ><div class='template-page content  av-content-small alpha units'><div class='post-entry post-entry-type-page post-entry-3269'><div class='entry-content-wrapper clearfix'>\n","protected":false},"excerpt":{"rendered":"<p>This is a Page excerpt. It will be displayed for search results<\/p>\n","protected":false},"author":5,"featured_media":0,"parent":0,"menu_order":0,"comment_status":"open","ping_status":"closed","template":"","meta":{"footnotes":""},"class_list":["post-3269","page","type-page","status-publish","hentry"],"_links":{"self":[{"href":"https:\/\/drivenespukk.no\/wp\/wp-json\/wp\/v2\/pages\/3269","targetHints":{"allow":["GET"]}}],"collection":[{"href":"https:\/\/drivenespukk.no\/wp\/wp-json\/wp\/v2\/pages"}],"about":[{"href":"https:\/\/drivenespukk.no\/wp\/wp-json\/wp\/v2\/types\/page"}],"author":[{"embeddable":true,"href":"https:\/\/drivenespukk.no\/wp\/wp-json\/wp\/v2\/users\/5"}],"replies":[{"embeddable":true,"href":"https:\/\/drivenespukk.no\/wp\/wp-json\/wp\/v2\/comments?post=3269"}],"version-history":[{"count":0,"href":"https:\/\/drivenespukk.no\/wp\/wp-json\/wp\/v2\/pages\/3269\/revisions"}],"wp:attachment":[{"href":"https:\/\/drivenespukk.no\/wp\/wp-json\/wp\/v2\/media?parent=3269"}],"curies":[{"name":"wp","href":"https:\/\/api.w.org\/{rel}","templated":true}]}}